{"id":167,"date":"2023-07-06T15:46:19","date_gmt":"2023-07-06T13:46:19","guid":{"rendered":"https:\/\/omed.hu\/?page_id=167"},"modified":"2023-09-21T10:21:18","modified_gmt":"2023-09-21T08:21:18","slug":"koraszules-elorejelzese","status":"publish","type":"page","link":"https:\/\/omed.hu\/en\/prematurity\/","title":{"rendered":"Korasz\u00fcl\u00e9s el\u0151rejelz\u00e9se t\u00fcnetmentes v\u00e1rand\u00f3sokn\u00e1l ultrahangvizsg\u00e1lattal"},"content":{"rendered":"","protected":false},"excerpt":{"rendered":"","protected":false},"author":1,"featured_media":169,"parent":0,"menu_order":0,"comment_status":"closed","ping_status":"closed","template":"","meta":{"inline_featured_image":false,"footnotes":""},"class_list":["post-167","page","type-page","status-publish","has-post-thumbnail","hentry"],"_links":{"self":[{"href":"https:\/\/omed.hu\/en\/wp-json\/wp\/v2\/pages\/167","targetHints":{"allow":["GET"]}}],"collection":[{"href":"https:\/\/omed.hu\/en\/wp-json\/wp\/v2\/pages"}],"about":[{"href":"https:\/\/omed.hu\/en\/wp-json\/wp\/v2\/types\/page"}],"author":[{"embeddable":true,"href":"https:\/\/omed.hu\/en\/wp-json\/wp\/v2\/users\/1"}],"replies":[{"embeddable":true,"href":"https:\/\/omed.hu\/en\/wp-json\/wp\/v2\/comments?post=167"}],"version-history":[{"count":1,"href":"https:\/\/omed.hu\/en\/wp-json\/wp\/v2\/pages\/167\/revisions"}],"predecessor-version":[{"id":168,"href":"https:\/\/omed.hu\/en\/wp-json\/wp\/v2\/pages\/167\/revisions\/168"}],"wp:featuredmedia":[{"embeddable":true,"href":"https:\/\/omed.hu\/en\/wp-json\/wp\/v2\/media\/169"}],"wp:attachment":[{"href":"https:\/\/omed.hu\/en\/wp-json\/wp\/v2\/media?parent=167"}],"curies":[{"name":"wp","href":"https:\/\/api.w.org\/{rel}","templated":true}]}}