{"id":224,"date":"2023-07-07T11:21:27","date_gmt":"2023-07-07T09:21:27","guid":{"rendered":"https:\/\/omed.hu\/?page_id=224"},"modified":"2023-09-21T14:56:29","modified_gmt":"2023-09-21T12:56:29","slug":"molnarne-ori-angela","status":"publish","type":"page","link":"https:\/\/omed.hu\/en\/molnarne-ori-angela\/","title":{"rendered":"Mrs Ang\u00e9la \u0150ri Moln\u00e1r"},"content":{"rendered":"","protected":false},"excerpt":{"rendered":"","protected":false},"author":1,"featured_media":79,"parent":0,"menu_order":0,"comment_status":"closed","ping_status":"closed","template":"","meta":{"inline_featured_image":false,"footnotes":""},"class_list":["post-224","page","type-page","status-publish","has-post-thumbnail","hentry"],"_links":{"self":[{"href":"https:\/\/omed.hu\/en\/wp-json\/wp\/v2\/pages\/224","targetHints":{"allow":["GET"]}}],"collection":[{"href":"https:\/\/omed.hu\/en\/wp-json\/wp\/v2\/pages"}],"about":[{"href":"https:\/\/omed.hu\/en\/wp-json\/wp\/v2\/types\/page"}],"author":[{"embeddable":true,"href":"https:\/\/omed.hu\/en\/wp-json\/wp\/v2\/users\/1"}],"replies":[{"embeddable":true,"href":"https:\/\/omed.hu\/en\/wp-json\/wp\/v2\/comments?post=224"}],"version-history":[{"count":1,"href":"https:\/\/omed.hu\/en\/wp-json\/wp\/v2\/pages\/224\/revisions"}],"predecessor-version":[{"id":225,"href":"https:\/\/omed.hu\/en\/wp-json\/wp\/v2\/pages\/224\/revisions\/225"}],"wp:featuredmedia":[{"embeddable":true,"href":"https:\/\/omed.hu\/en\/wp-json\/wp\/v2\/media\/79"}],"wp:attachment":[{"href":"https:\/\/omed.hu\/en\/wp-json\/wp\/v2\/media?parent=224"}],"curies":[{"name":"wp","href":"https:\/\/api.w.org\/{rel}","templated":true}]}}